{"id":222,"date":"2016-11-26T16:31:33","date_gmt":"2016-11-26T15:31:33","guid":{"rendered":"http:\/\/notes-en-bulles.be\/?page_id=222"},"modified":"2023-01-06T12:24:34","modified_gmt":"2023-01-06T11:24:34","slug":"documents-a-telecharger","status":"publish","type":"page","link":"https:\/\/notes-en-bulles.be\/index.php\/documents-a-telecharger\/","title":{"rendered":"Documents \u00e0 t\u00e9l\u00e9charger"},"content":{"rendered":"","protected":true},"excerpt":{"rendered":"","protected":true},"author":1,"featured_media":0,"parent":0,"menu_order":0,"comment_status":"closed","ping_status":"closed","template":"","meta":{"footnotes":""},"class_list":["post-222","page","type-page","status-publish","post-password-required","hentry"],"_links":{"self":[{"href":"https:\/\/notes-en-bulles.be\/index.php\/wp-json\/wp\/v2\/pages\/222","targetHints":{"allow":["GET"]}}],"collection":[{"href":"https:\/\/notes-en-bulles.be\/index.php\/wp-json\/wp\/v2\/pages"}],"about":[{"href":"https:\/\/notes-en-bulles.be\/index.php\/wp-json\/wp\/v2\/types\/page"}],"author":[{"embeddable":true,"href":"https:\/\/notes-en-bulles.be\/index.php\/wp-json\/wp\/v2\/users\/1"}],"replies":[{"embeddable":true,"href":"https:\/\/notes-en-bulles.be\/index.php\/wp-json\/wp\/v2\/comments?post=222"}],"version-history":[{"count":4,"href":"https:\/\/notes-en-bulles.be\/index.php\/wp-json\/wp\/v2\/pages\/222\/revisions"}],"predecessor-version":[{"id":925,"href":"https:\/\/notes-en-bulles.be\/index.php\/wp-json\/wp\/v2\/pages\/222\/revisions\/925"}],"wp:attachment":[{"href":"https:\/\/notes-en-bulles.be\/index.php\/wp-json\/wp\/v2\/media?parent=222"}],"curies":[{"name":"wp","href":"https:\/\/api.w.org\/{rel}","templated":true}]}}